{"id":2997,"date":"2023-09-26T12:00:04","date_gmt":"2023-09-26T12:00:04","guid":{"rendered":"https:\/\/sprintcredit.ca\/declaration-de-confidentialite-ca\/"},"modified":"2023-12-14T06:32:05","modified_gmt":"2023-12-14T06:32:05","slug":"declaracion-de-privacidad","status":"publish","type":"page","link":"https:\/\/sprintcredit.ca\/es\/declaracion-de-privacidad\/","title":{"rendered":"D\u00e9claration de confidentialit\u00e9 (CA)"},"content":{"rendered":"<!-- Legal document generated by Complianz | GDPR\/CCPA Cookie Consent https:\/\/wordpress.org\/plugins\/complianz-gdpr -->\n<div id=\"cmplz-document\" class=\"cmplz-document privacy-statement cmplz-document-ca\"><p><i>Esta declaraci\u00f3n de privacidad se modific\u00f3 por \u00faltima vez el julio 2, 2025, se comprob\u00f3 por \u00faltima vez el julio 2, 2025 y se aplica a los ciudadanos y residentes legales permanentes de Canad\u00e1.<\/i><br \/><br \/><\/p><p>En esta declaraci\u00f3n de privacidad, explicamos lo que hacemos con los datos que obtenemos sobre usted a trav\u00e9s de <a href=\"https:\/\/sprintcredit.ca\/es\">https:\/\/sprintcredit.ca\/es<\/a>. Le recomendamos que lea atentamente esta declaraci\u00f3n. En nuestro tratamiento cumplimos con los requisitos de la legislaci\u00f3n sobre privacidad. Esto significa, entre otras cosas, que:<ul>\n                <li>indicamos claramente los fines para los que procesamos los datos personales. Hacemos esto por medio de esta declaraci\u00f3n de privacidad.<\/li>\n                <li>nos proponemos limitar nuestra recopilaci\u00f3n de datos personales a los datos personales necesarios para fines leg\u00edtimos;<\/li>\n                <li>en primer lugar, solicitamos su consentimiento expl\u00edcito para el tratamiento de sus datos personales en los casos en que sea necesario.<\/li>\n                <li>tomamos las medidas de seguridad adecuadas para proteger sus datos personales y tambi\u00e9n lo exigimos a las partes que procesan datos personales en nuestro nombre;<\/li>\n                <li>respetamos su derecho a acceder, rectificar o cancelar sus datos personales previa solicitud.<\/li>\n            <\/ul><\/p>Si tiene alguna pregunta o quiere saber exactamente qu\u00e9 datos guardamos de usted, p\u00f3ngase en contacto con nosotros.<h2>1. Finalidad y categor\u00edas de datos<\/h2><p>Podemos recopilar o recibir informaci\u00f3n personal para un n\u00famero de prop\u00f3sitos relacionados con nuestras operaciones comerciales, que pueden incluir lo siguiente: (haga clic para expandir) <\/b><\/p><details class=\"cmplz-dropdown dropdown-privacy-statement\"><summary><div><h3>1.1 Contacto - Por tel\u00e9fono, correo, correo electr\u00f3nico y\/o formularios en el sitio<\/h3><\/div><\/summary><p class=\"cmplz-subtitle\">Las siguientes categor\u00edas de datos son recopiladas<\/p><p><ul><li>Un nombre y apellido<\/li><li>Una direcci\u00f3n de casa u otra direcci\u00f3n f\u00edsica, incluyendo el nombre de la calle y el nombre de una ciudad o pueblo<\/li><li>Una direcci\u00f3n de correo electr\u00f3nico<\/li><li>Un n\u00famero de tel\u00e9fono<\/li><li>Direcci\u00f3n IP<\/li><li>Informaci\u00f3n sobre la actividad en internet, incluyendo, pero sin limitarse a, el historial de navegaci\u00f3n, el historial de b\u00fasqueda y la informaci\u00f3n relacionada con la interacci\u00f3n de un consumidor con una web, aplicaci\u00f3n o anuncio en internet<\/li><\/ul><\/p><p class=\"cmplz-subtitle\">Per\u00edodo de retenci\u00f3n<\/p><p>Retendremos estos datos hasta que el servicio sea cancelado.<\/p><\/details><details class=\"cmplz-dropdown dropdown-privacy-statement\"><summary><div><h3>1.2 Registrando una cuenta<\/h3><\/div><\/summary><p class=\"cmplz-subtitle\">Las siguientes categor\u00edas de datos son recopiladas<\/p><p><ul><li>Un nombre y apellido<\/li><li>Una direcci\u00f3n de casa u otra direcci\u00f3n f\u00edsica, incluyendo el nombre de la calle y el nombre de una ciudad o pueblo<\/li><li>Una direcci\u00f3n de correo electr\u00f3nico<\/li><li>Un n\u00famero de tel\u00e9fono<\/li><li>Informaci\u00f3n sobre la actividad en internet, incluyendo, pero sin limitarse a, el historial de navegaci\u00f3n, el historial de b\u00fasqueda y la informaci\u00f3n relacionada con la interacci\u00f3n de un consumidor con una web, aplicaci\u00f3n o anuncio en internet<\/li><li>Fecha de nacimiento<\/li><li>Sexo<\/li><\/ul><\/p><p class=\"cmplz-subtitle\">Per\u00edodo de retenci\u00f3n<\/p><p>Retendremos estos datos hasta que el servicio sea cancelado.<\/p><\/details><details class=\"cmplz-dropdown dropdown-privacy-statement\"><summary><div><h3>1.3 Para dar soporte a servicios o productos que un cliente quiere comprar o ha comprado<\/h3><\/div><\/summary><p class=\"cmplz-subtitle\">Las siguientes categor\u00edas de datos son recopiladas<\/p><p><ul><li>Un nombre y apellido<\/li><li>Una direcci\u00f3n de casa u otra direcci\u00f3n f\u00edsica, incluyendo el nombre de la calle y el nombre de una ciudad o pueblo<\/li><li>Una direcci\u00f3n de correo electr\u00f3nico<\/li><li>Un n\u00famero de tel\u00e9fono<\/li><li>Informaci\u00f3n sobre la actividad en internet, incluyendo, pero sin limitarse a, el historial de navegaci\u00f3n, el historial de b\u00fasqueda y la informaci\u00f3n relacionada con la interacci\u00f3n de un consumidor con una web, aplicaci\u00f3n o anuncio en internet<\/li><li>Fecha de nacimiento<\/li><\/ul><\/p><p class=\"cmplz-subtitle\">Per\u00edodo de retenci\u00f3n<\/p><p>Retendremos estos datos hasta que el servicio sea cancelado.<\/p><\/details><details class=\"cmplz-dropdown dropdown-privacy-statement\"><summary><div><h3>1.4 Recopilaci\u00f3n y an\u00e1lisis de estad\u00edsticas para la mejora de la web.<\/h3><\/div><\/summary><p class=\"cmplz-subtitle\">Las siguientes categor\u00edas de datos son recopiladas<\/p><p><ul><li>Direcci\u00f3n IP<\/li><li>Informaci\u00f3n sobre la actividad en internet, incluyendo, pero sin limitarse a, el historial de navegaci\u00f3n, el historial de b\u00fasqueda y la informaci\u00f3n relacionada con la interacci\u00f3n de un consumidor con una web, aplicaci\u00f3n o anuncio en internet<\/li><\/ul><\/p><p class=\"cmplz-subtitle\">Per\u00edodo de retenci\u00f3n<\/p><p>Una vez finalizado el servicio, conservaremos estos datos durante el siguiente per\u00edodo: 1 ann\u00e9e.<\/p><\/details><details class=\"cmplz-dropdown dropdown-privacy-statement\"><summary><div><h3>1.5 Para poder ofrecer productos y servicios personalizados.<\/h3><\/div><\/summary><p class=\"cmplz-subtitle\">Las siguientes categor\u00edas de datos son recopiladas<\/p><p><ul><li>Un nombre y apellido<\/li><li>Una direcci\u00f3n de casa u otra direcci\u00f3n f\u00edsica, incluyendo el nombre de la calle y el nombre de una ciudad o pueblo<\/li><li>Una direcci\u00f3n de correo electr\u00f3nico<\/li><li>Un n\u00famero de tel\u00e9fono<\/li><li>Direcci\u00f3n IP<\/li><\/ul><\/p><p class=\"cmplz-subtitle\">Per\u00edodo de retenci\u00f3n<\/p><p>Retendremos estos datos hasta que el servicio sea cancelado.<\/p><\/details><h2>2. Compartir con terceros<\/h2><p>S\u00f3lo compartimos o revelamos estos datos a otros destinatarios para los siguientes fines:<\/p><p><b>Prop\u00f3sito de la transferencia de datos:<\/b>&nbsp;<br \/>\n             <b>Pa\u00eds o estado en el que se encuentra este proveedor de servicios:<\/b>&nbsp;<br \/><\/p><h2>3. Pr\u00e1cticas de divulgaci\u00f3n<\/h2><p><p>Divulgamos informaci\u00f3n personal si nos lo exige la ley o una orden judicial, en respuesta a un organismo encargado de hacer cumplir la ley, en la medida en que lo permitan otras disposiciones legales, para proporcionar informaci\u00f3n o para una investigaci\u00f3n sobre un asunto relacionado con la seguridad p\u00fablica.<\/p><p>Si nuestro sitio web o nuestra organizaci\u00f3n son adquiridos, vendidos o participan en una fusi\u00f3n o adquisici\u00f3n, sus datos podr\u00e1n ser revelados a nuestros asesores y a los posibles compradores, y se transmitir\u00e1n a los nuevos propietarios.<\/p><\/p><h2>4. C\u00f3mo respondemos a las se\u00f1ales de No rastrear (Do Not Track) y al Control de privacidad global (Global Privacy Control)<\/h2><p>Nuestra web responde y admite el campo de solicitud de encabezado Do Not Track (DNT) (No rastrear). Si activa DNT en su navegador, esas preferencias se nos comunican en el encabezado de solicitud HTTP y no realizaremos un seguimiento de su comportamiento de navegaci\u00f3n.<\/p><h2>5. Cookies<\/h2><p>Nuestra web utiliza cookies. Para obtener m\u00e1s informaci\u00f3n sobre las cookies, consulte nuestra Pol\u00edtica de cookies en nuestra p\u00e1gina web <a href=\"https:\/\/sprintcredit.ca\/es\/politica-de-cookies\/\">Politique de cookies (CA)<\/a>.&nbsp;<\/p><p>Tenemos un Acuerdo de procesamiento de datos con Google.<\/p><p>Google no puede utilizar los datos para otros servicios de Google.<\/p><h2>6. Seguridad<\/h2><p>Estamos comprometidos con la seguridad de los datos personales. Tomamos las medidas de seguridad adecuadas para limitar el abuso y el acceso no autorizado a los datos personales. Esto asegura que s\u00f3lo las personas necesarias tengan acceso a sus datos, que el acceso a los datos est\u00e9 protegido y que nuestras medidas de seguridad sean revisadas regularmente.<\/p><h2>7. Webs de terceros<\/h2><p>Esta declaraci\u00f3n de privacidad no se aplica a las webs de terceros conectados por enlaces en nuestra web. No podemos garantizar que estos terceros manejen sus datos personales de forma fiable y segura. Le recomendamos que lea las declaraciones de privacidad de estas webs antes de hacer uso de ellos.<\/p><h2>8. Modificaciones de esta declaraci\u00f3n de privacidad<\/h2><p>Nos reservamos el derecho de hacer enmiendas a esta declaraci\u00f3n de privacidad. Se recomienda que consulte esta declaraci\u00f3n de privacidad regularmente para estar al tanto de cualquier cambio. Adem\u00e1s, le informaremos activamente siempre que sea posible.<\/p><h2>9. Acceso y modificaci\u00f3n de sus datos<\/h2><p>Si tiene alguna pregunta o desea saber qu\u00e9 datos personales tenemos sobre usted, cont\u00e1ctenos. Aseg\u00farese de indicar siempre claramente qui\u00e9n es usted, para que podamos estar seguros de que no modificamos ni eliminamos ning\u00fan dato de una persona equivocada. Proporcionaremos la informaci\u00f3n solicitada solo despu\u00e9s de recibir una solicitud verificable del consumidor. Puede ponerse en contacto con nosotros a trav\u00e9s de la siguiente informaci\u00f3n.<\/p><p class=\"cmplz-subtitle\">9.1 Usted tiene los siguientes derechos con respecto a sus datos personales<\/p><ol class=\"alphabetic\">\n                        <li>Puede presentar una solicitud de acceso a los datos que tratamos sobre usted.<\/li>\n                        <li>Puede solicitar un resumen, en un formato de uso com\u00fan, de los datos que tratamos sobre usted.<\/li>\n                        <li>Podr\u00e1 solicitar la rectificaci\u00f3n o la supresi\u00f3n de los datos si son incorrectos o ya no son pertinentes. En su caso, la informaci\u00f3n modificada se transmitir\u00e1 a los terceros que tengan acceso a la informaci\u00f3n en cuesti\u00f3n.<\/li>\n                        <li>Usted tiene derecho a retirar su consentimiento en cualquier momento, con sujeci\u00f3n a las restricciones legales o contractuales y a un preaviso razonable. Se le informar\u00e1 de las implicaciones de dicha retirada.<\/li>\n                        <li>Usted tiene derecho a dirigir una impugnaci\u00f3n relativa al incumplimiento de PIPEDA a nuestra organizaci\u00f3n y, si el asunto no se resuelve, a la Oficina del comisario de privacidad de Canad\u00e1.<\/li>\n                        <li>Le daremos acceso a la informaci\u00f3n personal en un formato alternativo a una persona con discapacidad sensorial que tenga derecho de acceso a la informaci\u00f3n personal bajo PIPEDA y que solicite que se transmita en el formato alternativo si (a) una versi\u00f3n de la informaci\u00f3n ya existe en ese formato; o (b) su conversi\u00f3n a ese formato es razonable y necesaria para que el individuo pueda ejercer sus derechos.<\/li>\n                      <\/ol><h2>10. Ni\u00f1os<\/h2><p>Nuestra web no est\u00e1 dise\u00f1ada para atraer ni\u00f1os y no es nuestra intenci\u00f3n recopilar datos personales de ni\u00f1os menores de edad en su pa\u00eds de residencia. Por lo tanto, solicitamos que los ni\u00f1os menores de edad no nos env\u00eden ning\u00fan dato personal.<\/p><h2>11. Datos de contacto<\/h2><p>Sprintcredit.ca<br \/>\n        2000 McGill College Avenue, 6\u00e8me \u00e9tage, Montr\u00e9al, Qu\u00e9bec H3A 3H3<br \/>\n        Canad\u00e1<br \/>\n        Web: <a href=\"https:\/\/sprintcredit.ca\/es\">https:\/\/sprintcredit.ca\/es<\/a> <br \/>\n        Correo electr\u00f3nico: <span class=\"cmplz-obfuscate\">in&#102;&#111;@<span class=\"cmplz-fmail-domain\">&#101;&#120;&#046;&#099;&#111;m<\/span>s&#112;r&#105;n&#116;&#099;&#114;&#101;d&#105;t.c&#097;<\/span> <br \/>\n        <br \/>\n        Phone number: 514-775-7738<\/p><h2>12. Solicitud de Datos<\/h2><p>Para las solicitudes m\u00e1s frecuentes, tambi\u00e9n le ofrecemos la posibilidad de utilizar nuestro formulario de solicitud de datos<br \/>\t\t\t<div class=\"cmplz-datarequest cmplz-alert\">\n\t\t\t\t<span class=\"cmplz-close\">&times;<\/span>\n\t\t\t\t<span id=\"cmplz-message\"><\/span>\n\t\t\t<\/div>\n\t\t\t<form id=\"cmplz-datarequest-form\" action=\"\">\n\t\t\t\t<input type=\"hidden\" required value=\"ca\" name=\"cmplz_datarequest_region\" id=\"cmplz_datarequest_region\">\n\n\t\t\t\t<label for=\"cmplz_datarequest_firstname\" class=\"cmplz-first-name\">Nombre\t\t\t\t\t<input type=\"search\" class=\"datarequest-firstname\" value=\"\" placeholder=\"your first name\" id=\"cmplz_datarequest_firstname\" name=\"cmplz_datarequest_firstname\">\n\t\t\t\t<\/label>\n\t\t\t\t<div>\n\t\t\t\t\t<label for=\"cmplz_datarequest_name\">Nombre<\/label>\n\t\t\t\t\t<input type=\"text\" required value=\"\" placeholder=\"Tu nombre\" id=\"cmplz_datarequest_name\" name=\"cmplz_datarequest_name\">\n\t\t\t\t<\/div>\n\t\t\t\t<div>\n\t\t\t\t\t<label for=\"cmplz_datarequest_email\">Correo electr\u00f3nico<\/label>\n\t\t\t\t\t<input type=\"email\" required value=\"\" placeholder=\"email@email.com\" id=\"cmplz_datarequest_email\" name=\"cmplz_datarequest_email\">\n\t\t\t\t<\/div>\n\t\t\t\t\t\t\t\t\t\t<div class=\"cmplz_datarequest cmplz_datarequest_request_for_access\">\n\t\t\t\t\t\t\t<label for=\"cmplz_datarequest_request_for_access\">\n\t\t\t\t\t\t\t\t<input type=\"checkbox\" value=\"1\" name=\"cmplz_datarequest_request_for_access\" id=\"cmplz_datarequest_request_for_access\" \/>\n\t\t\t\t\t\t\t\tPresentar una solicitud de acceso a los datos que tratamos sobre usted.\t\t\t\t\t\t\t<\/label>\n\t\t\t\t\t\t<\/div>\n\t\t\t\t\t\t\t\t\t\t<div class=\"cmplz_datarequest cmplz_datarequest_right_to_be_forgotten\">\n\t\t\t\t\t\t\t<label for=\"cmplz_datarequest_right_to_be_forgotten\">\n\t\t\t\t\t\t\t\t<input type=\"checkbox\" value=\"1\" name=\"cmplz_datarequest_right_to_be_forgotten\" id=\"cmplz_datarequest_right_to_be_forgotten\" \/>\n\t\t\t\t\t\t\t\tPresentar una solicitud de supresi\u00f3n de los datos si ya no son pertinentes.\t\t\t\t\t\t\t<\/label>\n\t\t\t\t\t\t<\/div>\n\t\t\t\t\t\t\t\t\t\t<div class=\"cmplz_datarequest cmplz_datarequest_right_to_data_portability\">\n\t\t\t\t\t\t\t<label for=\"cmplz_datarequest_right_to_data_portability\">\n\t\t\t\t\t\t\t\t<input type=\"checkbox\" value=\"1\" name=\"cmplz_datarequest_right_to_data_portability\" id=\"cmplz_datarequest_right_to_data_portability\" \/>\n\t\t\t\t\t\t\t\tPresentar una solicitud para recibir un archivo de exportaci\u00f3n de los datos que tratamos sobre usted.\t\t\t\t\t\t\t<\/label>\n\t\t\t\t\t\t<\/div>\n\t\t\t\t\t\t\t\t<input type=\"button\" id=\"cmplz-datarequest-submit\" value=\"Enviar\">\n\t\t\t<input type=\"hidden\" name=\"trp-form-language\" value=\"es\"\/><\/form>\n\n\t\t\t<style>\n\t\t\t\t\/* first-name is honeypot *\/\n\t\t\t\t.cmplz-first-name {\n\t\t\t\t\tposition: absolute !important;\n\t\t\t\t\tleft: -5000px !important;\n\t\t\t\t}\n\t\t\t<\/style>\n\t\t\t<\/p><p>Hemos designado una persona de contacto para las pol\u00edticas y pr\u00e1cticas de la organizaci\u00f3n y a la que se pueden remitir las quejas o consultas:<br \/>Andtal Volny<br \/>2000 McGill College Avenue, 6\u00e8me \u00e9tage, Montr\u00e9al, Qu\u00e9bec H3A 3H3<\/p><h2>Anexo<\/h2><p><h3>Complianz | The Privacy Suite for WordPress<\/h3>\r\nCe site web utilise la Privacy Suite for WordPress de Complianz pour collecter les enregistrements de consentement.\u00a0Pour cette fonctionnalit\u00e9, votre adresse IP est rendue anonyme et stock\u00e9e dans notre base de donn\u00e9es.\u00a0Pour plus d\u2019informations, consultez la <a href=\"https:\/\/complianz.io\/privacy-statement\/\" target=\"_blank\" rel=\"noopener\">Declaraci\u00f3n de privacidad<\/a> de Complianz.\r\n<h3>Forminator Forms<\/h3>\r\n<div class=\"wp-suggested-text\">\r\n<h2>Which forms collect personal data?<\/h2>\r\n<p class=\"privacy-policy-tutorial\">If you use Forminator PRO to create and embed any forms on your website, you may need to mention it here to properly distinguish it from other forms.<\/p>\r\n\r\n<h2>What personal data do we collect and why?<\/h2>\r\n<p class=\"privacy-policy-tutorial\">By default Forminator captures the &lt;strong&gt;IP Address&lt;\/strong&gt; for each submission to a Form. Other personal data such as your &lt;strong&gt;name&lt;\/strong&gt; and &lt;strong&gt;email address&lt;\/strong&gt; may also be captured, depending on the Form Fields.<\/p>\r\n<p class=\"privacy-policy-tutorial\"><i> Note: In this section you should include any personal data you collected and which form captures personal data to give users more relevant information. You should also include an explanation of why this data is needed. The explanation must note either the legal basis for your data collection and retention of the active consent the user has given. <\/i><\/p>\r\n<strong>Suggested text: <\/strong> When visitors or users submit a form, we capture the &lt;strong&gt;IP Address&lt;\/strong&gt; for spam protection. We also capture the &lt;strong&gt;email address&lt;\/strong&gt; and might capture other personal data included in the Form fields.\r\n<h2>How long we retain your data<\/h2>\r\n<p class=\"privacy-policy-tutorial\">By default Forminator retains all form submissions &lt;strong&gt;forever&lt;\/strong&gt;. You can change this setting in &lt;strong&gt;Forminator&lt;\/strong&gt; &raquo; &lt;strong&gt;Settings&lt;\/strong&gt; &raquo; &lt;strong&gt;Privacy Settings&lt;\/strong&gt;<\/p>\r\n<strong>Suggested text: <\/strong> When visitors or users submit a form we retain the data for 30 days.\r\n<h2>Where we send your data<\/h2>\r\n<strong>Suggested text: <\/strong> All collected data might be shown publicly and we send it to our workers or contractors to perform necessary actions based on the form submission.\r\n<h2>Third Parties<\/h2>\r\n<p class=\"privacy-policy-tutorial\">If your forms utilize either built-in or external third party services, in this section you should mention any third parties and its privacy policy.<\/p>\r\n<p class=\"privacy-policy-tutorial\">By default Forminator Forms can be configured to connect with these third parties:<\/p>\r\n\r\n<ul class=\"privacy-policy-tutorial\">\r\n \t<li>Akismet. Enabled when you installed and configured Akismet on your site.<\/li>\r\n \t<li>Google reCAPTCHA. Enabled when you added reCAPTCHA on your forms.<\/li>\r\n \t<li>hCaptcha. Enabled when you added hCaptcha on your forms.<\/li>\r\n \t<li>Mailchimp. Enabled when you activated and set up Mailchimp on Integrations settings.<\/li>\r\n \t<li>ActiveCampaign. Enabled when you activated and set up ActiveCampaign on Integrations settings.<\/li>\r\n \t<li>Aweber. Enabled when you activated and set up Aweber on Integrations settings.<\/li>\r\n \t<li>Campaign Monitor. Enabled when you activated and set up Campaign Monitor on Integrations settings.<\/li>\r\n \t<li>Google Drive. Enabled when you activated and set up Google Drive on Integrations settings.<\/li>\r\n \t<li>Trello. Enabled when you activated and set up Trello on Integrations settings.<\/li>\r\n \t<li>Slack. Enabled when you activated and set up Slack on Integrations settings.<\/li>\r\n<\/ul>\r\n<strong>Suggested text: <\/strong>\r\n\r\nWe use Google reCAPTCHA for spam protection. Their privacy policy can be found here : https:\/\/policies.google.com\/privacy?hl=en.\r\n\r\nWe use hCaptcha for spam protection. Their privacy policy can be found here : https:\/\/www.hcaptcha.com\/privacy.\r\n\r\nWe use Akismet Spam for spam protection. Their privacy policy can be found here : https:\/\/automattic.com\/privacy\/.\r\n\r\nWe use Mailchimp to manage our subscriber list. Their privacy policy can be found here : https:\/\/mailchimp.com\/legal\/privacy\/.\r\n\r\nWe use ActiveCampaign to manage our subscriber list. Their privacy policy can be found here : https:\/\/www.activecampaign.com\/privacy-policy\/.\r\n\r\nWe use Aweber to manage our subscriber list. Their privacy policy can be found here : https:\/\/www.aweber.com\/privacy.htm.\r\n\r\nWe use Campaign Monitor to manage our subscriber list. Their privacy policy can be found here : https:\/\/www.campaignmonitor.com\/policies\/#privacy-policy.\r\n\r\nWe use Google Drive and Google Sheets to manage our integration data. Their privacy policy can be found here : https:\/\/policies.google.com\/privacy?hl=en.\r\n\r\nWe use Trello to manage our integration data. Their privacy policy can be found here : https:\/\/trello.com\/privacy.\r\n\r\nWe use Slack to manage our integration data. Their privacy policy can be found here : https:\/\/slack.com\/privacy-policy.\r\n\r\n&nbsp;\r\n\r\n<\/div><\/p><\/div>","protected":false},"excerpt":{"rendered":"","protected":false},"author":6,"featured_media":0,"parent":0,"menu_order":0,"comment_status":"closed","ping_status":"closed","template":"","meta":{"nf_dc_page":"","om_disable_all_campaigns":false,"_monsterinsights_skip_tracking":false,"_monsterinsights_sitenote_active":false,"_monsterinsights_sitenote_note":"","_monsterinsights_sitenote_category":0,"footnotes":""},"class_list":["post-2997","page","type-page","status-publish","hentry"],"aioseo_notices":[],"rttpg_featured_image_url":null,"rttpg_author":{"display_name":"Fabrice Sanson","author_link":"https:\/\/sprintcredit.ca\/es\/author\/fabrice\/"},"rttpg_comment":0,"rttpg_category":null,"rttpg_excerpt":null,"_links":{"self":[{"href":"https:\/\/sprintcredit.ca\/es\/wp-json\/wp\/v2\/pages\/2997","targetHints":{"allow":["GET"]}}],"collection":[{"href":"https:\/\/sprintcredit.ca\/es\/wp-json\/wp\/v2\/pages"}],"about":[{"href":"https:\/\/sprintcredit.ca\/es\/wp-json\/wp\/v2\/types\/page"}],"author":[{"embeddable":true,"href":"https:\/\/sprintcredit.ca\/es\/wp-json\/wp\/v2\/users\/6"}],"replies":[{"embeddable":true,"href":"https:\/\/sprintcredit.ca\/es\/wp-json\/wp\/v2\/comments?post=2997"}],"version-history":[{"count":1,"href":"https:\/\/sprintcredit.ca\/es\/wp-json\/wp\/v2\/pages\/2997\/revisions"}],"predecessor-version":[{"id":3564,"href":"https:\/\/sprintcredit.ca\/es\/wp-json\/wp\/v2\/pages\/2997\/revisions\/3564"}],"wp:attachment":[{"href":"https:\/\/sprintcredit.ca\/es\/wp-json\/wp\/v2\/media?parent=2997"}],"curies":[{"name":"wp","href":"https:\/\/api.w.org\/{rel}","templated":true}]}}