{"id":1649,"date":"2023-05-12T11:50:48","date_gmt":"2023-05-12T11:50:48","guid":{"rendered":"https:\/\/sprintcredit.ca\/?page_id=1649"},"modified":"2024-01-04T11:21:41","modified_gmt":"2024-01-04T16:21:41","slug":"condiciones-generales-de-uso","status":"publish","type":"page","link":"https:\/\/sprintcredit.ca\/es\/condiciones-generales-de-uso\/","title":{"rendered":"Conditions G\u00e9n\u00e9rales d&#8217;utilisations"},"content":{"rendered":"<p class=\"\"><em>Date de derni\u00e8re mise \u00e0 jour&nbsp;: 9 mai 2023<\/em><\/p>\n\n\n\n<div style=\"height:50px\" aria-hidden=\"true\" class=\"wp-block-spacer\"><\/div>\n\n\n\n<h4 class=\"wp-block-heading\"><strong>PRI\u00c8RE DE LIRE LES CONDITIONS G\u00c9N\u00c9RALES AVANT D&#8217;UTILISER LE SITE<\/strong><\/h4>\n\n\n\n<p class=\"\">Les conditions g\u00e9n\u00e9rales qui suivent gouvernent et s&#8217;appliquent \u00e0 votre utilisation ou recours au site maintenu par Financement Sprintcredit(le &#8220;site&#8221;).<\/p>\n\n\n\n<p class=\"\">En acc\u00e9dant au site ou en y naviguant, vous d\u00e9clarez avoir lu et compris les conditions g\u00e9n\u00e9rales d&#8217;utilisation et d\u00e9clarez \u00eatre li\u00e9s par ces conditions. Veuillez noter que nous pouvons modifier les conditions d&#8217;utilisation \u00e0 tout moment et sans pr\u00e9avis. Votre utilisation continue du site sera consid\u00e9r\u00e9e comme votre acceptation des conditions g\u00e9n\u00e9rales r\u00e9vis\u00e9es.<\/p>\n\n\n\n<div style=\"height:50px\" aria-hidden=\"true\" class=\"wp-block-spacer\"><\/div>\n\n\n\n<h2 class=\"wp-block-heading\"><strong>1. PROPRI\u00c9T\u00c9 INTELLECTUELLE<\/strong><\/h2>\n\n\n\n<p class=\"\">Toute propri\u00e9t\u00e9 intellectuelle sur le site est poss\u00e9d\u00e9e par nous ou nos conc\u00e9dants et inclut tout \u00e9l\u00e9ment prot\u00e9g\u00e9 par droits d&#8217;auteur, marque de commerce ou brevet. Toutes les marques d\u00e9pos\u00e9es sont poss\u00e9d\u00e9es, enregistr\u00e9es et\/ou sous licence par nous. Tout le contenu sur le site y compris, mais sans s&#8217;y limiter, le texte, le logiciel, le code, la conception, les graphiques, les photos, les sons, la musique, les vid\u00e9os, les applications, les fonctionnalit\u00e9s interactives ainsi que tout autre contenu, est une ouvre collective sous le droit canadien ou sous tout autre droit des droits d&#8217;auteur et est la propri\u00e9t\u00e9 de Financement Sprintcredit. Les \u00e9l\u00e9ments figurant sur ce site ne peuvent \u00eatre copi\u00e9s, reproduits, publi\u00e9s de nouveau, t\u00e9l\u00e9charg\u00e9s, affich\u00e9s, transmis, distribu\u00e9s, ni modifi\u00e9s, en totalit\u00e9 ou en partie, que ce soit sous forme textuelle, graphique, audio, vid\u00e9o ou ex\u00e9cutable, sans notre autorisation \u00e9crite.<\/p>\n\n\n\n<p class=\"\">Tous droits r\u00e9serv\u00e9s.<\/p>\n\n\n\n<div style=\"height:50px\" aria-hidden=\"true\" class=\"wp-block-spacer\"><\/div>\n\n\n\n<h2 class=\"wp-block-heading\"><strong>2. UTILISATION DU CONTENU DE L&#8217;ENTREPRISE<\/strong><\/h2>\n\n\n\n<p class=\"\">Nous pouvons vous fournir certaines informations en raison de votre utilisation du site, y compris, sans s&#8217;y limiter, des documents, des donn\u00e9es ou des informations d\u00e9velopp\u00e9s par nous, ou tout autre \u00e9l\u00e9ment qui pourrait vous aider dans l&#8217;utilisation du site ou des services (le &#8220;Contenu de l&#8217;Entreprise&#8221;). Le Contenu de l&#8217;Entreprise ne peut \u00eatre utilis\u00e9 pour aucun autre objet que l&#8217;utilisation du site et des services offerts sur le site. Rien dans les pr\u00e9sentes ne peut \u00eatre interpr\u00e9t\u00e9 comme vous attribuant une licence ou des droits de propri\u00e9t\u00e9 intellectuelle.<\/p>\n\n\n\n<div style=\"height:50px\" aria-hidden=\"true\" class=\"wp-block-spacer\"><\/div>\n\n\n\n<h2 class=\"wp-block-heading\"><strong>3. COMPTE D&#8217;UTILISATEUR ET UTILISATION DU COMPTE<\/strong><\/h2>\n\n\n\n<p class=\"\">Si votre utilisation du site requiert un compte vous identifiant comme utilisateur du site (un &#8220;compte d&#8217;utilisateur&#8221;)&nbsp;:<\/p>\n\n\n\n<p class=\"\">a) vous \u00eates le seul responsable de votre compte d&#8217;utilisateur, du maintien, de la confidentialit\u00e9 et de la s\u00e9curit\u00e9 de votre compte d&#8217;utilisateur et de tous les mots de passe reli\u00e9s \u00e0 votre compte d&#8217;utilisateur ainsi que de l&#8217;activit\u00e9 de toute personne qui a acc\u00e8s \u00e0 votre compte avec ou sans votre permission&nbsp;;<\/p>\n\n\n\n<p class=\"\">b) vous acceptez de nous signaler imm\u00e9diatement toute utilisation non autoris\u00e9e de votre compte d&#8217;utilisateur, de services \u00e0 travers votre compte d&#8217;utilisateur, d&#8217;un mot de passe reli\u00e9 \u00e0 votre compte d&#8217;utilisateur ou de toute autre atteinte \u00e0 la s\u00e9curit\u00e9 de votre compte d&#8217;utilisateur ou de service fourni \u00e0 travers votre compte d&#8217;utilisateur, et vous acceptez de nous venir en aide, tel que pourrons vous le demander, pour arr\u00eater ou rem\u00e9dier \u00e0 toute atteinte \u00e0 la s\u00e9curit\u00e9 reli\u00e9e \u00e0 votre compte&nbsp;; et<\/p>\n\n\n\n<p class=\"\">c) vous acceptez de fournir des informations d&#8217;utilisateur v\u00e9ridiques, exactes et actuelles, tel que nous pouvons le demander de temps \u00e0 autre, et vous acceptez de nous signaler tout changement \u00e0 vos informations d&#8217;utilisateur tel que requis afin que les informations que nous d\u00e9tenons soient v\u00e9ridiques, exactes et actuelles.<\/p>\n\n\n\n<div style=\"height:50px\" aria-hidden=\"true\" class=\"wp-block-spacer\"><\/div>\n\n\n\n<h2 class=\"wp-block-heading\"><strong>4. PAIEMENT<\/strong><\/h2>\n\n\n\n<p class=\"\">Lorsque vous effectuez un achat sur le site, vous acceptez de fournir un instrument de paiement valide. Faites attention aux d\u00e9tails de la transaction puisque le prix total peut inclure taxes, frais et co\u00fbts d&#8217;envoi pour lesquels vous \u00eates responsables. &nbsp;<br>&nbsp;<br>Lorsque vous nous fournissez un instrument de paiement, vous d\u00e9clarez avoir la permission d&#8217;utiliser cet instrument de paiement. Lorsque vous effectuez un paiement, vous nous autorisez, ainsi que le service de paiement que nous utilisons, \u00e0 charger le montant total sur l&#8217;instrument de paiement que vous avez d\u00e9sign\u00e9 pour la transaction. Vous nous autorisez \u00e9galement \u00e0 recueillir et enregistrer cet instrument de paiement ainsi que toute autre information reli\u00e9e \u00e0 la transaction. &nbsp;<br>&nbsp;<br>Si vous payez par carte de d\u00e9bit ou de cr\u00e9dit, nous pouvons obtenir de l&#8217;\u00e9metteur de la carte une pr\u00e9autorisation d&#8217;un montant allant jusqu&#8217;au montant total de la transaction. Si vous choisissez d&#8217;annuler une transaction avant qu&#8217;elle soit compl\u00e9t\u00e9e, les fonds utilis\u00e9s pour la pr\u00e9autorisation peuvent ne pas \u00eatre disponibles imm\u00e9diatement sur votre compte. &nbsp;<br>&nbsp;<br>Nous nous r\u00e9servons le droit d&#8217;annuler toute transaction si nous sommes d&#8217;avis que la transaction enfreint les pr\u00e9sentes conditions g\u00e9n\u00e9rales d&#8217;utilisation ou si nous sommes d&#8217;avis qu&#8217;en agissant ainsi nous pouvons pr\u00e9venir une perte financi\u00e8re. &nbsp;<br>&nbsp;<br>Afin de pr\u00e9venir toute perte financi\u00e8re, nous pouvons contacter l&#8217;\u00e9metteur de votre instrument de paiement, les autorit\u00e9s polici\u00e8res ou toute tierce partie atteinte (incluant d&#8217;autres utilisateurs) et pouvons partager les d\u00e9tails de tout paiement auquel vous \u00eates associ\u00e9(e) si nous sommes d&#8217;avis qu&#8217;une telle action puisse pr\u00e9venir une perte financi\u00e8re ou une infraction \u00e0 la loi. &nbsp;<br>&nbsp;<br>Le paiement pour tout service en cours sera factur\u00e9 automatiquement jusqu&#8217;\u00e0 vous nous avisiez que vous souhaitez mettre fin aux services.<\/p>\n\n\n\n<div style=\"height:50px\" aria-hidden=\"true\" class=\"wp-block-spacer\"><\/div>\n\n\n\n<h2 class=\"wp-block-heading\"><strong>5. VENTE DE PRODUITS ET\/OU SERVICES<\/strong><\/h2>\n\n\n\n<p class=\"\">Nous pouvons vendre des biens ou services. Nous nous engageons \u00e0 \u00eatre aussi exacts que possible en ce qui a trait \u00e0 toute information au sujet des biens et des services, incluant les descriptions de produits et les images de produits. Cependant, nous ne garantissons pas l&#8217;exactitude ou la fiabilit\u00e9 de toute information ayant trait \u00e0 un produit et vous reconnaissez et convenez que l&#8217;achat de tels produits est \u00e0 vos propres risques.<\/p>\n\n\n\n<div style=\"height:50px\" aria-hidden=\"true\" class=\"wp-block-spacer\"><\/div>\n\n\n\n<h2 class=\"wp-block-heading\"><strong>6. UTILISATION ACCEPTABLE DU SITE<\/strong><\/h2>\n\n\n\n<p class=\"\">Vous acceptez de ne pas utiliser le site pour des fins illicites ou toute autre fin interdite en vertu de la pr\u00e9sente clause. Vous acceptez de ne pas utiliser le site de quelconque fa\u00e7on qui pourrait nuire au site, aux services ou \u00e0 l&#8217;activit\u00e9 commerciale de Financement Sprintcredit. \u00a0<br>\u00a0<br>Vous acceptez \u00e9galement de ne pas utiliser le site pour les fins suivantes\u00a0:<\/p>\n\n\n\n<p class=\"\">a) harceler, abuser ou menacer autrui ou autrement violer les droits d&#8217;une personne&nbsp;;<\/p>\n\n\n\n<p class=\"\">b) violer la propri\u00e9t\u00e9 intellectuelle de Financement Sprintcredit ou de toute autre tierce partie\u00a0;<\/p>\n\n\n\n<p class=\"\">c) t\u00e9l\u00e9charger ou transmettre des virus informatiques ou tout autre logiciel qui pourrait endommager la propri\u00e9t\u00e9 de Financement Sprintcredit ou d&#8217;autrui\u00a0;<\/p>\n\n\n\n<p class=\"\">d) commettre une fraude&nbsp;;<\/p>\n\n\n\n<p class=\"\">e) cr\u00e9er des activit\u00e9s de jeu, de la loterie ou un syst\u00e8me pyramidal illicite ou y participer&nbsp;;<\/p>\n\n\n\n<p class=\"\">f) publier ou distribuer du mat\u00e9riel obsc\u00e8ne ou diffamatoire&nbsp;;<\/p>\n\n\n\n<p class=\"\">g) publier ou distribuer tout mat\u00e9riel qui incite \u00e8 la violence, \u00e0 la haine, ou \u00e0 la discrimination de quelque groupe que ce soit&nbsp;; et\/ou<\/p>\n\n\n\n<p class=\"\">h) recueillir illicitement des informations sur autrui.<\/p>\n\n\n\n<div style=\"height:50px\" aria-hidden=\"true\" class=\"wp-block-spacer\"><\/div>\n\n\n\n<h2 class=\"wp-block-heading\"><strong>7. PROTECTION DE LA VIE PRIV\u00c9E<\/strong><\/h2>\n\n\n\n<p class=\"\">En utilisant notre site, il est possible que vous nous fournissiez certaines informations. En utilisant le site, vous nous autorisez \u00e0 utiliser vos informations au Canada et dans tout pays dans lequel nous pourrions op\u00e9rer.<\/p>\n\n\n\n<p class=\"\">Lorsque vous vous inscrivez pour un compte d&#8217;utilisateur, vous nous fournissez une adresse courriel valide et vous pourriez \u00e9galement nous fournir certaines informations additionnelles, telles que votre nom et\/ou vos informations de facturation. Selon l&#8217;utilisation que vous faites de notre site, nous pouvons \u00e9galement recevoir de l&#8217;information d&#8217;applications externes que vous utilisez pour acc\u00e9der \u00e0 notre site ou nous pouvons recevoir de l&#8217;information sur vous par diverses technologies du web telles que les cookies, les historiques, les pixels invisibles (aussi appel\u00e9s &#8220;GIF invisibles&#8221;), les balises et autres. &nbsp;<br>&nbsp;<br>Nous utilisons l&#8217;information recueillie aupr\u00e8s de vous pour nous assurer que vous assurez une bonne exp\u00e9rience sur le site. Nous pouvons aussi tracer une partie de l&#8217;information passive re\u00e7ue pour am\u00e9liorer notre marketing et analytique et, pour ce faire, il se peut que nous travaillions avec des fournisseurs tiers.<\/p>\n\n\n\n<p class=\"\">Si vous d\u00e9sirez bloquer notre acc\u00e8s \u00e0 toute information passive que nous recevons de l&#8217;utilisation de diverses technologies, vous pouvez choisir d&#8217;inactiver les cookies dans votre navigateur web. Sachez que nous recevrons tout de m\u00eame les informations vous concernant que vous nous fournirez, tel que votre adresse courriel. &nbsp;<br>&nbsp;<br>Si vous choisissez de r\u00e9silier votre compte, nous entreposerons et retiendrons vos informations pendant la dur\u00e9e de temps suivante: 10 ans. Apr\u00e8s ce temps, toute information \u00e0 votre sujet sera effac\u00e9e.<\/p>\n\n\n\n<div style=\"height:50px\" aria-hidden=\"true\" class=\"wp-block-spacer\"><\/div>\n\n\n\n<h2 class=\"wp-block-heading\"><strong>8. D\u00c9GAGEMENT DE RESPONSABILIT\u00c9<\/strong><\/h2>\n\n\n\n<p class=\"\">Notre site existe pour des fins de communications seulement. Vous reconnaissez et convenez que toute information publi\u00e9e sur notre site n&#8217;est pas destin\u00e9e \u00e0 \u00eatre un avis juridique, m\u00e9dical ou financier et aucun rapport fiduciaire n&#8217;a \u00e9t\u00e9 cr\u00e9\u00e9 entre vous et Financement Sprintcredit. Vous convenez \u00e9galement que votre achat services sur le site est \u00e0 vos propres risques. Nous ne sommes responsables en aucun cas des conseils ou de toute autre information v\u00e9hicul\u00e9s sur le site.<\/p>\n\n\n\n<div style=\"height:50px\" aria-hidden=\"true\" class=\"wp-block-spacer\"><\/div>\n\n\n\n<h2 class=\"wp-block-heading\"><strong>9. ING\u00c9NIERIE INVERSE ET S\u00c9CURIT\u00c9<\/strong><\/h2>\n\n\n\n<p class=\"\">Vous ne pouvez entreprendre aucune des actions qui suivent&nbsp;:<\/p>\n\n\n\n<p class=\"\">a) utiliser l&#8217;ing\u00e9nierie inverse ou d\u00e9sassembler tout code ou logiciel sur ou de ce site&nbsp;;<\/p>\n\n\n\n<p class=\"\">b) violer ou tenter de violer la s\u00e9curit\u00e9 du site par tout acc\u00e8s non autoris\u00e9, le contournement du cryptage ou de tout autre outil de s\u00e9curit\u00e9, l&#8217;exploitation des donn\u00e9es ou l&#8217;interf\u00e9rence avec tout h\u00f4te, utilisateur ou r\u00e9seau.<\/p>\n\n\n\n<p class=\"\"><\/p>\n\n\n\n<div style=\"height:50px\" aria-hidden=\"true\" class=\"wp-block-spacer\"><\/div>\n\n\n\n<h2 class=\"wp-block-heading\"><strong>10. PERTES DE DONN\u00c9ES<\/strong><\/h2>\n\n\n\n<p class=\"\">Nous ne sommes pas responsables de la s\u00e9curit\u00e9 de votre compte d&#8217;utilisateur ou du contenu de votre compte. L&#8217;utilisation du site est \u00e0 vos risques.<\/p>\n\n\n\n<p class=\"\"><\/p>\n\n\n\n<div style=\"height:50px\" aria-hidden=\"true\" class=\"wp-block-spacer\"><\/div>\n\n\n\n<h2 class=\"wp-block-heading\"><strong>11. INDEMNISATION<\/strong> &nbsp;<\/h2>\n\n\n\n<p class=\"\">Vous convenez de d\u00e9fendre, d\u00e9dommager et de tenir indemne Financement Sprintcredit et ses entreprises affili\u00e9es contre toute r\u00e9clamation, poursuite ou demande, incluant les frais d&#8217;avocats, qui pourrait d\u00e9couler de ou qui se rapporte \u00e0 votre utilisation ou votre abus du site, votre violation des pr\u00e9sentes ou votre conduite et vos actions. Si nous choisissons de le faire, nous choisirons notre avocat et participerons \u00e0 notre propre d\u00e9fense.<\/p>\n\n\n\n<p class=\"\"><\/p>\n\n\n\n<div style=\"height:50px\" aria-hidden=\"true\" class=\"wp-block-spacer\"><\/div>\n\n\n\n<h2 class=\"wp-block-heading\"><strong>12. POLITIQUE CONCERNANT LES POURRIELS<\/strong><\/h2>\n\n\n\n<p class=\"\">Il vous est strictement interdit d&#8217;utiliser le site ou tout service offert sur le site \u00e0 des fins d&#8217;activit\u00e9s ill\u00e9gales reli\u00e9es aux pourriels, incluant la collecte d&#8217;adresses et d&#8217;informations personnelles d&#8217;autrui ou l&#8217;envoi de courriels commerciaux de masse.<\/p>\n\n\n\n<p class=\"\"><\/p>\n\n\n\n<div style=\"height:50px\" aria-hidden=\"true\" class=\"wp-block-spacer\"><\/div>\n\n\n\n<h2 class=\"wp-block-heading\"><strong>13. LIENS ET CONTENU DE TIERS<\/strong><\/h2>\n\n\n\n<p class=\"\">Nous pouvons publier des liens menant \u00e0 des sites ou services de tiers. Nous ne sommes aucunement responsables de dommages ou pertes li\u00e9s \u00e0 l&#8217;utilisation des services de tiers dont le lien se trouve sur notre site.<\/p>\n\n\n\n<p class=\"\"><\/p>\n\n\n\n<div style=\"height:50px\" aria-hidden=\"true\" class=\"wp-block-spacer\"><\/div>\n\n\n\n<h2 class=\"wp-block-heading\"><strong>14. IND\u00c9PENDANCE DES CLAUSES<\/strong><\/h2>\n\n\n\n<p class=\"\">Si une des pr\u00e9sentes clauses est reconnue comme ill\u00e9gale, d\u00e9clar\u00e9e nulle ou inapplicable, en tout ou en partie, la portion inapplicable n&#8217;affectera pas la validit\u00e9 et l&#8217;applicabilit\u00e9 des autres clauses des pr\u00e9sentes conditions d&#8217;utilisation.<\/p>\n\n\n\n<p class=\"\"><\/p>\n\n\n\n<div style=\"height:50px\" aria-hidden=\"true\" class=\"wp-block-spacer\"><\/div>\n\n\n\n<h2 class=\"wp-block-heading\"><strong>15. INTERRUPTIONS DE SERVICE<\/strong> &nbsp;<\/h2>\n\n\n\n<p class=\"\">Il se peut que nous ayons \u00e0 interrompre votre acc\u00e8s au site afin d&#8217;effectuer des travaux de maintenant ou des travaux d&#8217;urgence non planifi\u00e9s. Vous convenez que votre acc\u00e8s au site peut \u00eatre affect\u00e9 par une indisponibilit\u00e9 non planifi\u00e9e ou non anticip\u00e9e, pour quelque raison que ce soit, et que nous ne serons en aucun cas tenus responsables de dommages ou de pertes d\u00e9coulant de cette indisponibilit\u00e9.<\/p>\n\n\n\n<p class=\"\"><\/p>\n\n\n\n<div style=\"height:50px\" aria-hidden=\"true\" class=\"wp-block-spacer\"><\/div>\n\n\n\n<h2 class=\"wp-block-heading\"><strong>16. R\u00c9SILIATION DU COMPTE D&#8217;UTILISATEUR<\/strong><\/h2>\n\n\n\n<p class=\"\">Nous pouvons suspendre, limiter ou r\u00e9silier votre compte d&#8217;utilisateur et votre utilisation du site \u00e8 notre seule discr\u00e9tion, \u00e0 tout moment, sans pr\u00e9avis et pour quelque raison que ce soit, incluant le fonctionnement ou l&#8217;efficacit\u00e9 du site ou d&#8217;\u00e9quipement ou de r\u00e9seau nous appartenant ou appartenant \u00e0 un tiers qui est perturb\u00e9 par votre utilisation ou votre abus du site ou si vous avez \u00e9t\u00e9 ou \u00eates actuellement en violation des termes des pr\u00e9sentes. Nous n&#8217;aurons aucune responsabilit\u00e9 vis-\u00e0-vis des tiers, incluant un fournisseur tiers pour toute suspension, limite ou r\u00e9siliation de votre acc\u00e8s au site.<\/p>\n\n\n\n<div style=\"height:50px\" aria-hidden=\"true\" class=\"wp-block-spacer\"><\/div>\n\n\n\n<h2 class=\"wp-block-heading\"><strong>17. AUCUNE GARANTIE<\/strong> &nbsp;<\/h2>\n\n\n\n<p class=\"\">Bien que nous ayons d\u00e9ploy\u00e9 des efforts raisonnables pour nous assurer que le contenu du pr\u00e9sent site est exact, nous ne pouvons garantir que ledit contenu soit exempt d&#8217;erreurs, \u00e0 jour ou exhaustif. En aucun cas, nous ne pourrons \u00eatre tenus responsables de tout dommage pouvant d\u00e9couler d&#8217;une erreur se trouvant sur le site.<\/p>\n\n\n\n<p class=\"\">Nous n&#8217;assumons aucune responsabilit\u00e9 quant \u00e0 tout dommage d\u00e9coulant de la mauvaise utilisation du contenu du site. Nous ne pouvons non plus garantir que le site soit disponible sans interruption, sans erreur ni omission, ni que les d\u00e9fauts soient corrig\u00e9s. Il n&#8217;est pas non plus possible de garantir que le site et les serveurs qui le rendent disponible sont exempts de virus ou de composantes nuisibles. Le site et son contenu sont fournis &#8220;tels quels&#8221; et &#8220;selon la disponibilit\u00e9&#8221; sans d\u00e9claration, garantie ou condition de quelque nature que ce soit, expresse ou implicite.<\/p>\n\n\n\n<p class=\"\">Si vous d\u00e9cidez de vous abonner \u00e0 des services ou \u00e0 des fonctions du site qui n\u00e9cessitent un abonnement, vous acceptez de fournir des renseignements exacts et \u00e0 jour \u00e0 votre sujet comme l&#8217;exige le processus d&#8217;inscription ou d&#8217;abonnement pertinent, et de vous assurer de leur exactitude en effectuant les mises \u00e0 jour n\u00e9cessaires d\u00e8s que possible. Vous acceptez d&#8217;assurer la confidentialit\u00e9 de tous les mots de passe ou autres identificateurs de compte que vous aurez choisis ou qui vous seront attribu\u00e9s au moment d&#8217;une inscription ou d&#8217;un abonnement sur Financement Sprintcredit ou ses partenaires et d&#8217;assumer la responsabilit\u00e9 \u00e0 l&#8217;\u00e9gard de toutes les activit\u00e9s reli\u00e9es \u00e0 l&#8217;utilisation de ces mots de passe ou de ces comptes. De plus, vous acceptez de nous pr\u00e9venir de toute utilisation non autoris\u00e9e de votre mot de passe ou de votre compte de membre. Nous ne pouvons aucunement \u00eatre tenus responsables, directement ou indirectement, des pertes ou dommages de quelque nature que ce soit d\u00e9coulant du d\u00e9faut de vous conformer \u00e0 la pr\u00e9sente disposition ou li\u00e9s \u00e0 un tel d\u00e9faut.<\/p>\n\n\n\n<p class=\"\">Vous reconnaissez que nous pouvons, \u00e0 notre seule et absolue discr\u00e9tion, et ce, sans pr\u00e9avis, suspendre, annuler ou mettre fin \u00e0 votre compte, \u00e0 votre utilisation ou \u00e0 votre acc\u00e8s au site ou \u00e0 un de ses services, et retirer et supprimer tout renseignement ou contenu se rapportant au site ou \u00e0 un des services offerts (et mettre fin \u00e0 l&#8217;utilisation que vous en faites), pour quelque motif que ce soit, y compris si nous croyons que vous avez viol\u00e9 les pr\u00e9sentes conditions. En outre, vous reconnaissez que nous ne serons aucunement responsables envers vous ou envers quiconque \u00e0 la suite d&#8217;une telle suspension, annulation ou fin. Si vous \u00eates insatisfait de Financement Sprintcredit ou d&#8217;un de ses services, ou d&#8217;une des pr\u00e9sentes conditions, des r\u00e8gles, des politiques, des lignes directrices ou de nos pratiques relativement \u00e0 l&#8217;exploitation de Financement Sprintcredit ou d&#8217;un de ses services, votre seul recours consiste \u00e0 cesser d&#8217;utiliser le site ou le service en question.<\/p>\n\n\n\n<p class=\"\"><\/p>\n\n\n\n<div style=\"height:50px\" aria-hidden=\"true\" class=\"wp-block-spacer\"><\/div>\n\n\n\n<h2 class=\"wp-block-heading\"><strong>18. CONFIDENTIALIT\u00c9<\/strong><\/h2>\n\n\n\n<p class=\"\">Les communications via Internet sont sujettes \u00e0 interception, perte ou alt\u00e9ration, par cons\u00e9quent, vous reconnaissez que les renseignements ou \u00e9l\u00e9ments que vous fournissez par voie \u00e9lectronique du fait que vous acc\u00e9dez \u00e0 ce site ou en faites usage ne sont ni confidentiels ni exclusifs, sauf dans la mesure requise par les lois applicables et que les communications par courrier \u00e9lectronique non prot\u00e9g\u00e9es sur Internet peuvent \u00eatre intercept\u00e9es, alt\u00e9r\u00e9es ou se perdre.<\/p>\n\n\n\n<p class=\"translation-block\">Pour plus d\u2019information, veuillez consulter notre <em>Politique de confidentialit\u00e9<\/em>, disponible sur notre site.<\/p>\n\n\n\n<div style=\"height:50px\" aria-hidden=\"true\" class=\"wp-block-spacer\"><\/div>\n\n\n\n<h2 class=\"wp-block-heading\"><strong>19. QUESTIONS ET INFORMATIONS ADDITIONNELLES<\/strong><\/h2>\n\n\n\n<p class=\"\">Pour toute question ou pour obtenir de plus amples renseignements, nous vous prions de communiquer avec nous \u00e0 l&#8217;adresse suivante: admin@sprintcredit.ca<\/p>\n\n\n\n<div style=\"height:50px\" aria-hidden=\"true\" class=\"wp-block-spacer\"><\/div>","protected":false},"excerpt":{"rendered":"<p>Date de derni\u00e8re mise \u00e0 jour&nbsp;: 9 mai 2023 PRI\u00c8RE DE LIRE LES CONDITIONS G\u00c9N\u00c9RALES AVANT D&#8217;UTILISER LE SITE Les conditions g\u00e9n\u00e9rales qui suivent gouvernent et s&#8217;appliquent \u00e0 votre utilisation ou recours au site maintenu par Financement Sprintcredit(le &#8220;site&#8221;). En acc\u00e9dant au site ou en y naviguant, vous d\u00e9clarez avoir lu et compris les conditions [&hellip;]<\/p>\n","protected":false},"author":1,"featured_media":0,"parent":0,"menu_order":0,"comment_status":"closed","ping_status":"closed","template":"","meta":{"nf_dc_page":"","om_disable_all_campaigns":false,"_monsterinsights_skip_tracking":false,"_monsterinsights_sitenote_active":false,"_monsterinsights_sitenote_note":"","_monsterinsights_sitenote_category":0,"footnotes":""},"class_list":["post-1649","page","type-page","status-publish","hentry"],"aioseo_notices":[],"rttpg_featured_image_url":null,"rttpg_author":{"display_name":"Anne","author_link":"https:\/\/sprintcredit.ca\/es\/author\/anne\/"},"rttpg_comment":0,"rttpg_category":null,"rttpg_excerpt":"Date de derni\u00e8re mise \u00e0 jour&nbsp;: 9 mai 2023 PRI\u00c8RE DE LIRE LES CONDITIONS G\u00c9N\u00c9RALES AVANT D&#8217;UTILISER LE SITE Les conditions g\u00e9n\u00e9rales qui suivent gouvernent et s&#8217;appliquent \u00e0 votre utilisation ou recours au site maintenu par Financement Sprintcredit(le &#8220;site&#8221;). En acc\u00e9dant au site ou en y naviguant, vous d\u00e9clarez avoir lu et compris les conditions&hellip;","_links":{"self":[{"href":"https:\/\/sprintcredit.ca\/es\/wp-json\/wp\/v2\/pages\/1649","targetHints":{"allow":["GET"]}}],"collection":[{"href":"https:\/\/sprintcredit.ca\/es\/wp-json\/wp\/v2\/pages"}],"about":[{"href":"https:\/\/sprintcredit.ca\/es\/wp-json\/wp\/v2\/types\/page"}],"author":[{"embeddable":true,"href":"https:\/\/sprintcredit.ca\/es\/wp-json\/wp\/v2\/users\/1"}],"replies":[{"embeddable":true,"href":"https:\/\/sprintcredit.ca\/es\/wp-json\/wp\/v2\/comments?post=1649"}],"version-history":[{"count":4,"href":"https:\/\/sprintcredit.ca\/es\/wp-json\/wp\/v2\/pages\/1649\/revisions"}],"predecessor-version":[{"id":3563,"href":"https:\/\/sprintcredit.ca\/es\/wp-json\/wp\/v2\/pages\/1649\/revisions\/3563"}],"wp:attachment":[{"href":"https:\/\/sprintcredit.ca\/es\/wp-json\/wp\/v2\/media?parent=1649"}],"curies":[{"name":"wp","href":"https:\/\/api.w.org\/{rel}","templated":true}]}}