{"id":17,"date":"2023-03-04T13:47:50","date_gmt":"2023-03-04T13:47:50","guid":{"rendered":"https:\/\/sprintcredit.ca\/?page_id=17"},"modified":"2023-12-14T07:43:53","modified_gmt":"2023-12-14T07:43:53","slug":"borrow-smart-with-a-payday-loan","status":"publish","type":"page","link":"https:\/\/sprintcredit.ca\/en\/borrow-smart-with-a-payday-loan\/","title":{"rendered":"Payday loan"},"content":{"rendered":"<div data-elementor-type=\"wp-page\" data-elementor-id=\"17\" class=\"elementor elementor-17\" data-elementor-post-type=\"page\">\n\t\t\t\t\t\t<section class=\"elementor-section elementor-top-section elementor-element elementor-element-7868013f elementor-section-boxed elementor-section-height-default elementor-section-height-default\" data-id=\"7868013f\" data-element_type=\"section\" data-e-type=\"section\">\n\t\t\t\t\t\t<div class=\"elementor-container elementor-column-gap-default\">\n\t\t\t\t\t<div class=\"elementor-column elementor-col-25 elementor-top-column elementor-element elementor-element-11f0431e elementor-hidden-mobile\" data-id=\"11f0431e\" data-element_type=\"column\" data-e-type=\"column\">\n\t\t\t<div class=\"elementor-widget-wrap\">\n\t\t\t\t\t\t\t<\/div>\n\t\t<\/div>\n\t\t\t\t<div class=\"elementor-column elementor-col-50 elementor-top-column elementor-element elementor-element-34a695d7\" data-id=\"34a695d7\" data-element_type=\"column\" data-e-type=\"column\">\n\t\t\t<div class=\"elementor-widget-wrap elementor-element-populated\">\n\t\t\t\t\t\t<section class=\"elementor-section elementor-inner-section elementor-element elementor-element-37fb81af elementor-section-boxed elementor-section-height-default elementor-section-height-default\" data-id=\"37fb81af\" data-element_type=\"section\" data-e-type=\"section\">\n\t\t\t\t\t\t<div class=\"elementor-container elementor-column-gap-default\">\n\t\t\t\t\t<div class=\"elementor-column elementor-col-50 elementor-inner-column elementor-element elementor-element-5bb50b52\" data-id=\"5bb50b52\" data-element_type=\"column\" data-e-type=\"column\">\n\t\t\t<div class=\"elementor-widget-wrap elementor-element-populated\">\n\t\t\t\t\t\t<div class=\"elementor-element elementor-element-204a2757 elementor-widget elementor-widget-heading\" data-id=\"204a2757\" data-element_type=\"widget\" data-e-type=\"widget\" data-widget_type=\"heading.default\">\n\t\t\t\t<div class=\"elementor-widget-container\">\n\t\t\t\t\t<h1 class=\"elementor-heading-title elementor-size-default\">Borrow SmartlyPide Pr\u00e9stamos de Forma Inteligente\n<\/h1>\t\t\t\t<\/div>\n\t\t\t\t<\/div>\n\t\t\t\t<div class=\"elementor-element elementor-element-604de871 elementor-position-inline-start elementor-widget__width-initial elementor-mobile-position-inline-start elementor-view-default elementor-widget elementor-widget-icon-box\" data-id=\"604de871\" data-element_type=\"widget\" data-e-type=\"widget\" data-widget_type=\"icon-box.default\">\n\t\t\t\t<div class=\"elementor-widget-container\">\n\t\t\t\t\t\t\t<div class=\"elementor-icon-box-wrapper\">\n\n\t\t\t\t\t\t<div class=\"elementor-icon-box-icon\">\n\t\t\t\t<span  class=\"elementor-icon\">\n\t\t\t\t<i aria-hidden=\"true\" class=\"fas fa-chevron-right\"><\/i>\t\t\t\t<\/span>\n\t\t\t<\/div>\n\t\t\t\n\t\t\t\t\t\t<div class=\"elementor-icon-box-content\">\n\n\t\t\t\t\t\t\t\t\t<h3 class=\"elementor-icon-box-title\">\n\t\t\t\t\t\t<span  >\n\t\t\t\t\t\t\tA payday loan can be useful for unexpected expenses, but only borrow what you need.Un pr\u00e9stamo de d\u00eda de pago puede ser \u00fatil para gastos inesperados, pero pide solo lo que realmente necesitas. \t\t\t\t\t\t<\/span>\n\t\t\t\t\t<\/h3>\n\t\t\t\t\n\t\t\t\t\n\t\t\t<\/div>\n\t\t\t\n\t\t<\/div>\n\t\t\t\t\t\t<\/div>\n\t\t\t\t<\/div>\n\t\t\t\t\t<\/div>\n\t\t<\/div>\n\t\t\t\t<div class=\"elementor-column elementor-col-50 elementor-inner-column elementor-element elementor-element-1dfc6cfa\" data-id=\"1dfc6cfa\" data-element_type=\"column\" data-e-type=\"column\">\n\t\t\t<div class=\"elementor-widget-wrap elementor-element-populated\">\n\t\t\t\t\t\t<div class=\"elementor-element elementor-element-3afe3394 elementor-widget-mobile__width-inherit elementor-widget elementor-widget-image\" data-id=\"3afe3394\" data-element_type=\"widget\" data-e-type=\"widget\" data-widget_type=\"image.default\">\n\t\t\t\t<div class=\"elementor-widget-container\">\n\t\t\t\t\t\t\t\t\t\t\t\t\t\t\t<img fetchpriority=\"high\" decoding=\"async\" width=\"649\" height=\"565\" src=\"https:\/\/sprintcredit.ca\/wp-content\/uploads\/2023\/04\/Borrow-smarts-e1680953862357.png\" class=\"attachment-full size-full wp-image-1251\" alt=\"Borrow Smart - Le logo de Financement Pr\u00eatsto\" srcset=\"https:\/\/sprintcredit.ca\/wp-content\/uploads\/2023\/04\/Borrow-smarts-e1680953862357.png 649w, https:\/\/sprintcredit.ca\/wp-content\/uploads\/2023\/04\/Borrow-smarts-e1680953862357-300x261.png 300w, https:\/\/sprintcredit.ca\/wp-content\/uploads\/2023\/04\/Borrow-smarts-e1680953862357-14x12.png 14w\" sizes=\"(max-width: 649px) 100vw, 649px\" \/>\t\t\t\t\t\t\t\t\t\t\t\t\t\t\t<\/div>\n\t\t\t\t<\/div>\n\t\t\t\t\t<\/div>\n\t\t<\/div>\n\t\t\t\t\t<\/div>\n\t\t<\/section>\n\t\t\t\t<div class=\"elementor-element elementor-element-710e7a23 elementor-widget__width-initial elementor-widget elementor-widget-text-editor\" data-id=\"710e7a23\" data-element_type=\"widget\" data-e-type=\"widget\" data-widget_type=\"text-editor.default\">\n\t\t\t\t<div class=\"elementor-widget-container\">\n\t\t\t\t\t\t\t\t\t<p>Plan your repayments and manage your budget to avoid having to borrow regularly. Take advantage of prepayments to save on interest charges. Remember that the loan should be used for essential expenses only. Feel free to repay faster to reduce fees and the total cost of the loan.Planifica tus pagos y administra tu presupuesto para evitar recurrir a pr\u00e9stamos con frecuencia. Aprovecha los pagos anticipados para ahorrar en intereses. Recuerda que el pr\u00e9stamo debe usarse solo para gastos esenciales. No dudes en pagar m\u00e1s r\u00e1pido para reducir las comisiones y el costo total del pr\u00e9stamo.<\/p>\t\t\t\t\t\t\t\t<\/div>\n\t\t\t\t<\/div>\n\t\t\t\t\t<\/div>\n\t\t<\/div>\n\t\t\t\t<div class=\"elementor-column elementor-col-25 elementor-top-column elementor-element elementor-element-6721c6b3\" data-id=\"6721c6b3\" data-element_type=\"column\" data-e-type=\"column\">\n\t\t\t<div class=\"elementor-widget-wrap\">\n\t\t\t\t\t\t\t<\/div>\n\t\t<\/div>\n\t\t\t\t\t<\/div>\n\t\t<\/section>\n\t\t\t\t<\/div>","protected":false},"excerpt":{"rendered":"<p>Emprunter Intelligemment Un pr\u00eat sur salaire peut \u00eatre utile pour des d\u00e9penses impr\u00e9vues, mais empruntez seulement ce dont vous avez besoin. Planifiez vos remboursements et g\u00e9rez votre budget pour \u00e9viter de devoir emprunter r\u00e9guli\u00e8rement. Profitez des remboursements anticip\u00e9s pour \u00e9conomiser sur les frais d&#8217;int\u00e9r\u00eat. Rappelez-vous que le pr\u00eat doit \u00eatre utilis\u00e9 pour des d\u00e9penses essentielles [&hellip;]<\/p>\n","protected":false},"author":1,"featured_media":0,"parent":0,"menu_order":0,"comment_status":"closed","ping_status":"open","template":"","meta":{"nf_dc_page":"","om_disable_all_campaigns":false,"_monsterinsights_skip_tracking":false,"_monsterinsights_sitenote_active":false,"_monsterinsights_sitenote_note":"","_monsterinsights_sitenote_category":0,"footnotes":""},"class_list":["post-17","page","type-page","status-publish","hentry"],"aioseo_notices":[],"rttpg_featured_image_url":null,"rttpg_author":{"display_name":"Anne","author_link":"https:\/\/sprintcredit.ca\/en\/author\/anne\/"},"rttpg_comment":0,"rttpg_category":null,"rttpg_excerpt":"Emprunter Intelligemment Un pr\u00eat sur salaire peut \u00eatre utile pour des d\u00e9penses impr\u00e9vues, mais empruntez seulement ce dont vous avez besoin. Planifiez vos remboursements et g\u00e9rez votre budget pour \u00e9viter de devoir emprunter r\u00e9guli\u00e8rement. Profitez des remboursements anticip\u00e9s pour \u00e9conomiser sur les frais d&#8217;int\u00e9r\u00eat. Rappelez-vous que le pr\u00eat doit \u00eatre utilis\u00e9 pour des d\u00e9penses essentielles&hellip;","_links":{"self":[{"href":"https:\/\/sprintcredit.ca\/en\/wp-json\/wp\/v2\/pages\/17","targetHints":{"allow":["GET"]}}],"collection":[{"href":"https:\/\/sprintcredit.ca\/en\/wp-json\/wp\/v2\/pages"}],"about":[{"href":"https:\/\/sprintcredit.ca\/en\/wp-json\/wp\/v2\/types\/page"}],"author":[{"embeddable":true,"href":"https:\/\/sprintcredit.ca\/en\/wp-json\/wp\/v2\/users\/1"}],"replies":[{"embeddable":true,"href":"https:\/\/sprintcredit.ca\/en\/wp-json\/wp\/v2\/comments?post=17"}],"version-history":[{"count":5,"href":"https:\/\/sprintcredit.ca\/en\/wp-json\/wp\/v2\/pages\/17\/revisions"}],"predecessor-version":[{"id":2909,"href":"https:\/\/sprintcredit.ca\/en\/wp-json\/wp\/v2\/pages\/17\/revisions\/2909"}],"wp:attachment":[{"href":"https:\/\/sprintcredit.ca\/en\/wp-json\/wp\/v2\/media?parent=17"}],"curies":[{"name":"wp","href":"https:\/\/api.w.org\/{rel}","templated":true}]}}