{"id":1649,"date":"2023-05-12T11:50:48","date_gmt":"2023-05-12T11:50:48","guid":{"rendered":"https:\/\/sprintcredit.ca\/?page_id=1649"},"modified":"2024-01-04T11:21:41","modified_gmt":"2024-01-04T16:21:41","slug":"terms-and-conditions-of-use","status":"publish","type":"page","link":"https:\/\/sprintcredit.ca\/en\/terms-and-conditions-of-use\/","title":{"rendered":"Terms and conditions of use"},"content":{"rendered":"<p class=\"\"><em>Date of last update: May 9, 2023<\/em><\/p>\n\n\n\n<div style=\"height:50px\" aria-hidden=\"true\" class=\"wp-block-spacer\"><\/div>\n\n\n\n<h4 class=\"wp-block-heading\"><strong>PLEASE READ THE TERMS AND CONDITIONS BEFORE USING THE SITE<\/strong><\/h4>\n\n\n\n<p class=\"\">These terms and conditions (the \"Terms and Conditions\") govern the use of Sprintcredit.ca (the \"Site\"). This Site is owned and operated by Financement Sprintcredit.<\/p>\n\n\n\n<p class=\"\">By accessing or browsing the site, you declare that you have read and understood the general conditions of use and declare that you are bound by these conditions. Please note that we may change the Terms of Service at any time without notice. Your continued use of the site will be deemed your acceptance of the revised terms and conditions.<\/p>\n\n\n\n<div style=\"height:50px\" aria-hidden=\"true\" class=\"wp-block-spacer\"><\/div>\n\n\n\n<h2 class=\"wp-block-heading\"><strong>INTELLECTUAL PROPERTY<\/strong><\/h2>\n\n\n\n<p class=\"\">All content published and made available on our Site is the property of Financement Sprintcredit and the Site's creators. This includes, but is not limited to images, text, logos, documents, downloadable files and anything that contributes to the composition of our Site.<\/p>\n\n\n\n<p class=\"\">All rights reserved.<\/p>\n\n\n\n<div style=\"height:50px\" aria-hidden=\"true\" class=\"wp-block-spacer\"><\/div>\n\n\n\n<h2 class=\"wp-block-heading\"><strong>2. USE OF COMPANY CONTENT<\/strong><\/h2>\n\n\n\n<p class=\"\">We may provide you with certain information as a result of your use of the Site, including, without limitation, documents, data or information developed by us, or anything else that may assist you in using the Site or services (the \u201cCompany Content\u201d). Company Content may not be used for any purpose other than the use of the site and the services offered on the site. Nothing herein shall be construed as granting you any license or intellectual property rights.<\/p>\n\n\n\n<div style=\"height:50px\" aria-hidden=\"true\" class=\"wp-block-spacer\"><\/div>\n\n\n\n<h2 class=\"wp-block-heading\"><strong>3. USER ACCOUNT AND USE OF ACCOUNT<\/strong><\/h2>\n\n\n\n<p class=\"\">If your use of the Site requires an account identifying you as a user of the Site (a \"User Account\"):<\/p>\n\n\n\n<p class=\"\">a) you are solely responsible for your user account, the maintenance, confidentiality and security of your user account and all passwords related to your user account and for the activity from anyone who accesses your account with or without your permission;<\/p>\n\n\n\n<p class=\"\">b) you agree to immediately notify us of any unauthorized use of your user account, of services through your user account, of a password associated with your user account or of any other breach of security your user account or service provided through your user account, and you agree to assist us, as you may request, to stop or remedy any security breach related to your account; And<\/p>\n\n\n\n<p class=\"\">c) you agree to provide true, accurate and current User Information, as we may request from time to time, and you agree to notify us of any changes to your User Information as required so that the information that we hold are true, accurate and current.<\/p>\n\n\n\n<div style=\"height:50px\" aria-hidden=\"true\" class=\"wp-block-spacer\"><\/div>\n\n\n\n<h2 class=\"wp-block-heading\"><strong>4. PAYMENT<\/strong><\/h2>\n\n\n\n<p class=\"\">When you make a purchase on the site, you agree to provide a valid payment instrument. Pay attention to the details of the transaction since the total price may include taxes, fees and shipping costs for which you are responsible. &nbsp;<br>&nbsp;<br>When you provide us with a Payment Instrument, you represent that you have permission to use that Payment Instrument. When you make a payment, you authorize us and the payment service we use to load the full amount to the payment instrument you have designated for the transaction. You also authorize us to collect and record this payment instrument as well as any other information related to the transaction. &nbsp;<br>&nbsp;<br>If you are paying by debit or credit card, we may obtain a pre-authorization from the card issuer for up to the full amount of the transaction. If you choose to void a transaction before it is completed, the funds used for the pre-authorization may not be immediately available in your account. &nbsp;<br>&nbsp;<br>We reserve the right to cancel any transaction if we believe the transaction violates these Terms of Service or if we believe that by doing so we can prevent financial loss. &nbsp;<br>&nbsp;<br>In order to prevent financial loss, we may contact the issuer of your payment instrument, law enforcement authorities or any affected third party (including other users) and may share details of any payment with which you are associated if we believe that such action may prevent financial loss or a violation of the law. &nbsp;<br>&nbsp;<br>Payment for any ongoing Services will be billed automatically until you notify us that you wish to terminate the Services.<\/p>\n\n\n\n<div style=\"height:50px\" aria-hidden=\"true\" class=\"wp-block-spacer\"><\/div>\n\n\n\n<h2 class=\"wp-block-heading\"><strong>5. SALE OF PRODUCTS AND\/OR SERVICES<\/strong><\/h2>\n\n\n\n<p class=\"\">We may sell goods or services. We are committed to being as accurate as possible in all information about goods and services, including product descriptions and product images. However, we do not guarantee the accuracy or reliability of any product information and you acknowledge and agree that the purchase of such products is at your own risk.<\/p>\n\n\n\n<div style=\"height:50px\" aria-hidden=\"true\" class=\"wp-block-spacer\"><\/div>\n\n\n\n<h2 class=\"wp-block-heading\"><strong>6. ACCEPTABLE USE OF THE SITE<\/strong><\/h2>\n\n\n\n<p class=\"\">You agree not to use the site for any unlawful purpose or any other purpose prohibited under this clause. You agree not to use the site in any way that could harm the site, the services or the commercial activity of Financement Sprintcredit. \u00a0<br>\u00a0<br>You also agree not to use the site for the following purposes:<\/p>\n\n\n\n<p class=\"\">(a) harass, abuse or threaten another or otherwise violate any person's rights;<\/p>\n\n\n\n<p class=\"\">b) violate the intellectual property of Financement Sprintcredit or any other third party;<\/p>\n\n\n\n<p class=\"\">c) upload or transmit computer viruses or any other software that could damage the property of Financement Sprintcredit or others;<\/p>\n\n\n\n<p class=\"\">(d) commit fraud;<\/p>\n\n\n\n<p class=\"\">(e) create or participate in any illicit gambling, lottery or pyramid scheme;<\/p>\n\n\n\n<p class=\"\">(f) post or distribute obscene or defamatory material;<\/p>\n\n\n\n<p class=\"\">g) post or distribute any material that incites violence, hatred, or discrimination against any group; and or<\/p>\n\n\n\n<p class=\"\">(h) unlawfully collect information about others.<\/p>\n\n\n\n<div style=\"height:50px\" aria-hidden=\"true\" class=\"wp-block-spacer\"><\/div>\n\n\n\n<h2 class=\"wp-block-heading\"><strong>7. PROTECTION OF PRIVACY<\/strong><\/h2>\n\n\n\n<p class=\"\">By using our site, you may provide us with certain information. By using the site, you authorize us to use your information in Canada and in any country in which we may operate.<\/p>\n\n\n\n<p class=\"\">When you register for a user account, you provide us with a valid email address and you may also provide us with certain additional information, such as your name and\/or billing information. Depending on how you use our site, we may also receive information from external applications that you use to access our site or we may receive information about you through various web technologies such as cookies. , logs, pixel tags (also known as \u201cclear GIFs\u201d), beacons and more. &nbsp;<br>&nbsp;<br>We use the information collected from you to ensure that you have a good experience on the site. We may also track some of the passive information received to improve our marketing and analytics and to do this we may work with third party providers.<\/p>\n\n\n\n<p class=\"\">If you wish to block our access to any passive information we receive from the use of various technologies, you can choose to disable cookies in your web browser. Please be aware that we will still receive information about you that you provide to us, such as your email address. &nbsp;<br>&nbsp;<br>If you choose to terminate your account, we will store and retain your information for the following length of time: 10 years. After this time, any information about you will be erased.<\/p>\n\n\n\n<div style=\"height:50px\" aria-hidden=\"true\" class=\"wp-block-spacer\"><\/div>\n\n\n\n<h2 class=\"wp-block-heading\"><strong>8. DISCLAIMER OF LIABILITY<\/strong><\/h2>\n\n\n\n<p class=\"\">Our site exists for communications purposes only. You acknowledge and agree that any information published on our site is not intended to be legal, medical or financial advice and no fiduciary relationship has been created between you and Financement Sprintcredit. You also agree that your purchase of Services on the Site is at your own risk. We are in no way responsible for the advice or any other information conveyed on the site.<\/p>\n\n\n\n<div style=\"height:50px\" aria-hidden=\"true\" class=\"wp-block-spacer\"><\/div>\n\n\n\n<h2 class=\"wp-block-heading\"><strong>9. REVERSE ENGINEERING AND SECURITY<\/strong><\/h2>\n\n\n\n<p class=\"\">You may not take any of the following actions:<\/p>\n\n\n\n<p class=\"\">(a) reverse engineer or disassemble any code or software on or from this site;<\/p>\n\n\n\n<p class=\"\">b) violate or attempt to violate the security of the Site by any unauthorized access, circumvention of encryption or other security tools, data mining or interference with any host, user or network.<\/p>\n\n\n\n<p class=\"\"><\/p>\n\n\n\n<div style=\"height:50px\" aria-hidden=\"true\" class=\"wp-block-spacer\"><\/div>\n\n\n\n<h2 class=\"wp-block-heading\"><strong>10. LOSS OF DATA<\/strong><\/h2>\n\n\n\n<p class=\"\">We are not responsible for the security of your user account or the content of your account. Use of the site is at your own risk.<\/p>\n\n\n\n<p class=\"\"><\/p>\n\n\n\n<div style=\"height:50px\" aria-hidden=\"true\" class=\"wp-block-spacer\"><\/div>\n\n\n\n<h2 class=\"wp-block-heading\"><strong>11. INDEMNIFICATION<\/strong> &nbsp;<\/h2>\n\n\n\n<p class=\"\">You agree to defend, indemnify and hold harmless Financement Sprintcredit  and its affiliated companies against any claim, suit or demand, including attorneys' fees, which may arise from or relate to your use or abuse of the site, your violation hereof or your conduct and actions. If we choose to do so, we will choose our lawyer and participate in our own defense.<\/p>\n\n\n\n<p class=\"\"><\/p>\n\n\n\n<div style=\"height:50px\" aria-hidden=\"true\" class=\"wp-block-spacer\"><\/div>\n\n\n\n<h2 class=\"wp-block-heading\"><strong>12. POLICY REGARDING SPAM<\/strong><\/h2>\n\n\n\n<p class=\"\">You are strictly prohibited from using the site or any service offered on the site for the purpose of illegal activities related to spam, including the collection of addresses and personal information of others or the sending of commercial emails from mass.<\/p>\n\n\n\n<p class=\"\"><\/p>\n\n\n\n<div style=\"height:50px\" aria-hidden=\"true\" class=\"wp-block-spacer\"><\/div>\n\n\n\n<h2 class=\"wp-block-heading\"><strong>13. THIRD PARTY LINKS AND CONTENT<\/strong><\/h2>\n\n\n\n<p class=\"\">We may post links to third party sites or services. We are not responsible for any damage or loss related to the use of third party services linked to our site.<\/p>\n\n\n\n<p class=\"\"><\/p>\n\n\n\n<div style=\"height:50px\" aria-hidden=\"true\" class=\"wp-block-spacer\"><\/div>\n\n\n\n<h2 class=\"wp-block-heading\"><strong>14. INDEPENDENCE OF THE CLAUSES<\/strong><\/h2>\n\n\n\n<p class=\"\">If one of these clauses is recognized as illegal, declared null or inapplicable, in whole or in part, the inapplicable portion will not affect the validity and applicability of the other clauses of these conditions of use.<\/p>\n\n\n\n<p class=\"\"><\/p>\n\n\n\n<div style=\"height:50px\" aria-hidden=\"true\" class=\"wp-block-spacer\"><\/div>\n\n\n\n<h2 class=\"wp-block-heading\"><strong>15. SERVICE INTERRUPTION<\/strong> &nbsp;<\/h2>\n\n\n\n<p class=\"\">We may have to interrupt your access to the site in order to carry out work now or unplanned emergency work. You agree that your access to the site may be affected by unplanned or unanticipated unavailability, for any reason, and that we will not be liable for any damages or losses resulting from such unavailability.<\/p>\n\n\n\n<p class=\"\"><\/p>\n\n\n\n<div style=\"height:50px\" aria-hidden=\"true\" class=\"wp-block-spacer\"><\/div>\n\n\n\n<h2 class=\"wp-block-heading\"><strong>16. TERMINATION OF USER ACCOUNT<\/strong><\/h2>\n\n\n\n<p class=\"\">We may suspend, limit or terminate your user account and your use of the site at our sole discretion, at any time, without notice and for any reason whatsoever, including the operation or effectiveness of the site or equipment or network belonging to us or a third party that is disrupted by your use or abuse of the site or if you have been or are currently in breach of the terms hereof. We shall have no liability to third parties, including any third party provider for any suspension, limitation or termination of your access to the site.<\/p>\n\n\n\n<div style=\"height:50px\" aria-hidden=\"true\" class=\"wp-block-spacer\"><\/div>\n\n\n\n<h2 class=\"wp-block-heading\"><strong>17. NO WARRANTY<\/strong> &nbsp;<\/h2>\n\n\n\n<p class=\"\">Although we have made reasonable efforts to ensure that the content of this site is accurate, we cannot guarantee that such content is error-free, current or complete. Under no circumstances can we be held responsible for any damage that may result from an error on the site.<\/p>\n\n\n\n<p class=\"\">We assume no responsibility for any damages arising from the misuse of the content of the site. We also cannot guarantee that the site will be available without interruption, without errors or omissions, or that defects will be corrected. Nor is it possible to guarantee that the site and the servers that make it available are free of viruses or harmful components. The site and its content are provided \u201cas is\u201d and \u201cas available\u201d without representation, warranty or condition of any kind, express or implied.<\/p>\n\n\n\n<p class=\"\">If you decide to subscribe to services or features of the Site that require a subscription, you agree to provide accurate and up-to-date information about yourself as required by the relevant registration or subscription process, and to ensure their accuracy by making the necessary updates as soon as possible. You agree to ensure the confidentiality of all passwords or other account identifiers that you have chosen or that will be assigned to you at the time of registration or subscription on Financement Sprintcredit or its partners and to assume the responsibility with respect to all activities related to the use of these passwords or accounts. Additionally, you agree to notify us of any unauthorized use of your password or membership account. We cannot be held liable, directly or indirectly, for any loss or damage of any kind arising from or relating to your failure to comply with this provision.<\/p>\n\n\n\n<p class=\"\">You acknowledge that we may, in our sole and absolute discretion, and without notice, suspend, cancel or terminate your account, your use of or your access to the site or any of its services, and remove and delete any information or content relating to the site or any of the services offered (and terminating your use of it), for any reason whatsoever, including if we believe that you have violated these conditions. Further, you acknowledge that we will not be liable to you or anyone else as a result of any such suspension, cancellation or termination. If you are dissatisfied with Financement Sprintcredit or one of its services, or with any of these conditions, rules, policies, guidelines or our practices relating to the operation of Financement Sprintcredit or one of its Services, your sole remedy is to discontinue using such Site or Service.<\/p>\n\n\n\n<p class=\"\"><\/p>\n\n\n\n<div style=\"height:50px\" aria-hidden=\"true\" class=\"wp-block-spacer\"><\/div>\n\n\n\n<h2 class=\"wp-block-heading\"><strong>18. CONFIDENTIALITY<\/strong><\/h2>\n\n\n\n<p class=\"\">Communications via the Internet are subject to interception, loss or alteration, therefore, you acknowledge that any information or material you provide electronically by accessing or using this site is not confidential or proprietary, except in the extent required by applicable law and that unprotected email communications over the Internet may be intercepted, altered or lost.<\/p>\n\n\n\n<p class=\"translation-block\">For more information, please see our <em>Privacy Policy<\/em>, available on our website.<\/p>\n\n\n\n<div style=\"height:50px\" aria-hidden=\"true\" class=\"wp-block-spacer\"><\/div>\n\n\n\n<h2 class=\"wp-block-heading\"><strong>19. ADDITIONAL QUESTIONS AND INFORMATION<\/strong><\/h2>\n\n\n\n<p class=\"\">For any questions or for more information, please contact us at the following address: admin@sprintcredit.ca<\/p>\n\n\n\n<div style=\"height:50px\" aria-hidden=\"true\" class=\"wp-block-spacer\"><\/div>","protected":false},"excerpt":{"rendered":"<p>Date de derni\u00e8re mise \u00e0 jour&nbsp;: 9 mai 2023 PRI\u00c8RE DE LIRE LES CONDITIONS G\u00c9N\u00c9RALES AVANT D&#8217;UTILISER LE SITE Les conditions g\u00e9n\u00e9rales qui suivent gouvernent et s&#8217;appliquent \u00e0 votre utilisation ou recours au site maintenu par Financement Sprintcredit(le &#8220;site&#8221;). En acc\u00e9dant au site ou en y naviguant, vous d\u00e9clarez avoir lu et compris les conditions [&hellip;]<\/p>\n","protected":false},"author":1,"featured_media":0,"parent":0,"menu_order":0,"comment_status":"closed","ping_status":"closed","template":"","meta":{"nf_dc_page":"","om_disable_all_campaigns":false,"_monsterinsights_skip_tracking":false,"_monsterinsights_sitenote_active":false,"_monsterinsights_sitenote_note":"","_monsterinsights_sitenote_category":0,"footnotes":""},"class_list":["post-1649","page","type-page","status-publish","hentry"],"aioseo_notices":[],"rttpg_featured_image_url":null,"rttpg_author":{"display_name":"Anne","author_link":"https:\/\/sprintcredit.ca\/en\/author\/anne\/"},"rttpg_comment":0,"rttpg_category":null,"rttpg_excerpt":"Date de derni\u00e8re mise \u00e0 jour&nbsp;: 9 mai 2023 PRI\u00c8RE DE LIRE LES CONDITIONS G\u00c9N\u00c9RALES AVANT D&#8217;UTILISER LE SITE Les conditions g\u00e9n\u00e9rales qui suivent gouvernent et s&#8217;appliquent \u00e0 votre utilisation ou recours au site maintenu par Financement Sprintcredit(le &#8220;site&#8221;). En acc\u00e9dant au site ou en y naviguant, vous d\u00e9clarez avoir lu et compris les conditions&hellip;","_links":{"self":[{"href":"https:\/\/sprintcredit.ca\/en\/wp-json\/wp\/v2\/pages\/1649","targetHints":{"allow":["GET"]}}],"collection":[{"href":"https:\/\/sprintcredit.ca\/en\/wp-json\/wp\/v2\/pages"}],"about":[{"href":"https:\/\/sprintcredit.ca\/en\/wp-json\/wp\/v2\/types\/page"}],"author":[{"embeddable":true,"href":"https:\/\/sprintcredit.ca\/en\/wp-json\/wp\/v2\/users\/1"}],"replies":[{"embeddable":true,"href":"https:\/\/sprintcredit.ca\/en\/wp-json\/wp\/v2\/comments?post=1649"}],"version-history":[{"count":4,"href":"https:\/\/sprintcredit.ca\/en\/wp-json\/wp\/v2\/pages\/1649\/revisions"}],"predecessor-version":[{"id":3563,"href":"https:\/\/sprintcredit.ca\/en\/wp-json\/wp\/v2\/pages\/1649\/revisions\/3563"}],"wp:attachment":[{"href":"https:\/\/sprintcredit.ca\/en\/wp-json\/wp\/v2\/media?parent=1649"}],"curies":[{"name":"wp","href":"https:\/\/api.w.org\/{rel}","templated":true}]}}